{"id":15444,"date":"2014-07-03T13:52:05","date_gmt":"2014-07-03T13:52:05","guid":{"rendered":"http:\/\/demo.qodeinteractive.com\/bridge19\/?page_id=15444"},"modified":"2023-09-25T20:33:33","modified_gmt":"2023-09-25T18:33:33","slug":"om-rsm-gas-services","status":"publish","type":"page","link":"https:\/\/rsm.no\/en_us\/om-rsm-gas-services\/","title":{"rendered":"About RSM Gas Services"},"content":{"rendered":"<div data-elementor-type=\"wp-page\" data-elementor-id=\"15444\" class=\"elementor elementor-15444\" data-elementor-post-type=\"page\">\n\t\t\t\t\t\t<section class=\"elementor-section elementor-top-section elementor-element elementor-element-4ec84071 elementor-section-height-min-height elementor-section-content-middle elementor-section-boxed elementor-section-height-default elementor-section-items-middle\" data-id=\"4ec84071\" data-element_type=\"section\" data-settings=\"{&quot;background_background&quot;:&quot;classic&quot;}\">\n\t\t\t\t\t\t\t<div class=\"elementor-background-overlay\"><\/div>\n\t\t\t\t\t\t\t<div class=\"elementor-container elementor-column-gap-wide\">\n\t\t\t\t\t<div class=\"elementor-column elementor-col-100 elementor-top-column elementor-element elementor-element-e662324\" data-id=\"e662324\" data-element_type=\"column\">\n\t\t\t<div class=\"elementor-widget-wrap elementor-element-populated\">\n\t\t\t\t\t\t<div class=\"elementor-element elementor-element-51474aa7 elementor-widget elementor-widget-heading\" data-id=\"51474aa7\" data-element_type=\"widget\" data-widget_type=\"heading.default\">\n\t\t\t\t<div class=\"elementor-widget-container\">\n\t\t\t\t\t<h1 class=\"elementor-heading-title elementor-size-default\">About RSM Gas Services<\/h1>\t\t\t\t<\/div>\n\t\t\t\t<\/div>\n\t\t\t\t\t<\/div>\n\t\t<\/div>\n\t\t\t\t\t<\/div>\n\t\t<\/section>\n\t\t\t\t<section class=\"elementor-section elementor-top-section elementor-element elementor-element-4fb7990 elementor-section-boxed elementor-section-height-default elementor-section-height-default\" data-id=\"4fb7990\" data-element_type=\"section\" data-settings=\"{&quot;background_background&quot;:&quot;classic&quot;}\">\n\t\t\t\t\t\t\t<div class=\"elementor-background-overlay\"><\/div>\n\t\t\t\t\t\t\t<div class=\"elementor-container elementor-column-gap-no\">\n\t\t\t\t\t<div class=\"elementor-column elementor-col-50 elementor-top-column elementor-element elementor-element-7a60629b\" data-id=\"7a60629b\" data-element_type=\"column\">\n\t\t\t<div class=\"elementor-widget-wrap elementor-element-populated\">\n\t\t\t\t\t\t<div class=\"elementor-element elementor-element-384e107 elementor-widget elementor-widget-heading\" data-id=\"384e107\" data-element_type=\"widget\" data-widget_type=\"heading.default\">\n\t\t\t\t<div class=\"elementor-widget-container\">\n\t\t\t\t\t<h2 class=\"elementor-heading-title elementor-size-default\">We find the best solutions together<\/h2>\t\t\t\t<\/div>\n\t\t\t\t<\/div>\n\t\t\t\t<div class=\"elementor-element elementor-element-b7ba216 elementor-widget-divider--view-line elementor-widget elementor-widget-divider\" data-id=\"b7ba216\" data-element_type=\"widget\" data-widget_type=\"divider.default\">\n\t\t\t\t<div class=\"elementor-widget-container\">\n\t\t\t\t\t\t\t<div class=\"elementor-divider\">\n\t\t\t<span class=\"elementor-divider-separator\">\n\t\t\t\t\t\t<\/span>\n\t\t<\/div>\n\t\t\t\t\t\t<\/div>\n\t\t\t\t<\/div>\n\t\t\t\t<div class=\"elementor-element elementor-element-652dd240 elementor-widget elementor-widget-text-editor\" data-id=\"652dd240\" data-element_type=\"widget\" data-widget_type=\"text-editor.default\">\n\t\t\t\t<div class=\"elementor-widget-container\">\n\t\t\t\t\t\t\t\t\t<div class=\"wpb_text_column wpb_content_element\"><div class=\"wpb_wrapper\"><p>RSM Gas Services AS is a privately owned, Norwegian company located at Akland in Ris\u00f8r municipality. The company delivers:<\/p><ul><li>Complete propane gas systems<\/li><li>Accredited final inspection and condition monitoring of facilities for the use of hazardous substances<\/li><li>Audit of all types of LPG tanks from 450 liters to 2525m\u1d4c<\/li><li>Service and maintenance of gas systems for businesses and private individuals<\/li><\/ul><\/div><\/div><div>\u00a0<\/div><div class=\"separator  transparent\">We have considerable expertise and experience within our business area. We develop the best solutions in collaboration with our customers. Together, we face challenges and solve problems to meet the needs of our customers.<\/div>\t\t\t\t\t\t\t\t<\/div>\n\t\t\t\t<\/div>\n\t\t\t\t\t<\/div>\n\t\t<\/div>\n\t\t\t\t<div class=\"elementor-column elementor-col-50 elementor-top-column elementor-element elementor-element-2699aa6d\" data-id=\"2699aa6d\" data-element_type=\"column\" data-settings=\"{&quot;background_background&quot;:&quot;classic&quot;}\">\n\t\t\t<div class=\"elementor-widget-wrap elementor-element-populated\">\n\t\t\t\t\t<div class=\"elementor-background-overlay\"><\/div>\n\t\t\t\t\t\t<div class=\"elementor-element elementor-element-41ad9561 elementor-invisible elementor-widget elementor-widget-spacer\" data-id=\"41ad9561\" data-element_type=\"widget\" data-settings=\"{&quot;_animation&quot;:&quot;fadeIn&quot;}\" data-widget_type=\"spacer.default\">\n\t\t\t\t<div class=\"elementor-widget-container\">\n\t\t\t\t\t\t\t<div class=\"elementor-spacer\">\n\t\t\t<div class=\"elementor-spacer-inner\"><\/div>\n\t\t<\/div>\n\t\t\t\t\t\t<\/div>\n\t\t\t\t<\/div>\n\t\t\t\t\t<\/div>\n\t\t<\/div>\n\t\t\t\t\t<\/div>\n\t\t<\/section>\n\t\t\t\t<section class=\"elementor-section elementor-top-section elementor-element elementor-element-53a2b1ed elementor-section-content-middle elementor-reverse-mobile elementor-section-boxed elementor-section-height-default elementor-section-height-default\" data-id=\"53a2b1ed\" data-element_type=\"section\" data-settings=\"{&quot;background_background&quot;:&quot;classic&quot;}\">\n\t\t\t\t\t\t\t<div class=\"elementor-background-overlay\"><\/div>\n\t\t\t\t\t\t\t<div class=\"elementor-container elementor-column-gap-no\">\n\t\t\t\t\t<div class=\"elementor-column elementor-col-100 elementor-top-column elementor-element elementor-element-63e573e9\" data-id=\"63e573e9\" data-element_type=\"column\">\n\t\t\t<div class=\"elementor-widget-wrap elementor-element-populated\">\n\t\t\t\t\t\t<section class=\"elementor-section elementor-inner-section elementor-element elementor-element-6b6dcaa6 elementor-section-boxed elementor-section-height-default elementor-section-height-default\" data-id=\"6b6dcaa6\" data-element_type=\"section\">\n\t\t\t\t\t\t<div class=\"elementor-container elementor-column-gap-default\">\n\t\t\t\t\t<div class=\"elementor-column elementor-col-100 elementor-inner-column elementor-element elementor-element-5a250885\" data-id=\"5a250885\" data-element_type=\"column\">\n\t\t\t<div class=\"elementor-widget-wrap elementor-element-populated\">\n\t\t\t\t\t\t<div class=\"elementor-element elementor-element-d567fb0 elementor-widget elementor-widget-heading\" data-id=\"d567fb0\" data-element_type=\"widget\" data-widget_type=\"heading.default\">\n\t\t\t\t<div class=\"elementor-widget-container\">\n\t\t\t\t\t<h2 class=\"elementor-heading-title elementor-size-default\">Our employees are our best resource<\/h2>\t\t\t\t<\/div>\n\t\t\t\t<\/div>\n\t\t\t\t<div class=\"elementor-element elementor-element-6a54e52 elementor-widget-divider--view-line elementor-widget elementor-widget-divider\" data-id=\"6a54e52\" data-element_type=\"widget\" data-widget_type=\"divider.default\">\n\t\t\t\t<div class=\"elementor-widget-container\">\n\t\t\t\t\t\t\t<div class=\"elementor-divider\">\n\t\t\t<span class=\"elementor-divider-separator\">\n\t\t\t\t\t\t<\/span>\n\t\t<\/div>\n\t\t\t\t\t\t<\/div>\n\t\t\t\t<\/div>\n\t\t\t\t\t<\/div>\n\t\t<\/div>\n\t\t\t\t\t<\/div>\n\t\t<\/section>\n\t\t\t\t<section class=\"elementor-section elementor-inner-section elementor-element elementor-element-3b18051d elementor-section-boxed elementor-section-height-default elementor-section-height-default\" data-id=\"3b18051d\" data-element_type=\"section\">\n\t\t\t\t\t\t<div class=\"elementor-container elementor-column-gap-default\">\n\t\t\t\t\t<div class=\"elementor-column elementor-col-50 elementor-inner-column elementor-element elementor-element-36c10f94\" data-id=\"36c10f94\" data-element_type=\"column\">\n\t\t\t<div class=\"elementor-widget-wrap elementor-element-populated\">\n\t\t\t\t\t\t<div class=\"elementor-element elementor-element-387cc5a0 elementor-cta--layout-image-above elementor-bg-transform elementor-bg-transform-move-up elementor-cta--valign-middle elementor-cta--skin-classic elementor-animated-content elementor-invisible elementor-widget elementor-widget-call-to-action\" data-id=\"387cc5a0\" data-element_type=\"widget\" data-settings=\"{&quot;_animation&quot;:&quot;fadeInUp&quot;}\" data-widget_type=\"call-to-action.default\">\n\t\t\t\t<div class=\"elementor-widget-container\">\n\t\t\t\t\t\t\t<div class=\"elementor-cta\">\n\t\t\t\t\t\t\t<div class=\"elementor-cta__content\">\n\t\t\t\t\t\t\t\t\t<div class=\"elementor-content-item elementor-cta__content-item elementor-icon-wrapper elementor-cta__icon elementor-view-default\">\n\t\t\t\t\t\t<div class=\"elementor-icon\">\n\t\t\t\t\t\t\t<i aria-hidden=\"true\" class=\"jki jki-social-care-light\"><\/i>\t\t\t\t\t\t<\/div>\n\t\t\t\t\t<\/div>\n\t\t\t\t\n\t\t\t\t\t\t\t\t\t<h3 class=\"elementor-cta__title elementor-cta__content-item elementor-content-item\">\n\t\t\t\t\t\tHMSQ\t\t\t\t\t<\/h3>\n\t\t\t\t\n\t\t\t\t\t\t\t\t\t<div class=\"elementor-cta__description elementor-cta__content-item elementor-content-item\">\n\t\t\t\t\t\tWe work according to a zero harm vision in the company and keep health, safety and environment on the agenda at all times. The company has an active HMSQ system. HMSQ in the workplace is our way of avoiding accidents, having satisfied customers and pleasant surroundings. Our employees are our best resource, and we work to the best of our ability to facilitate a pleasant and stimulating working environment.\t\t\t\t\t<\/div>\n\t\t\t\t\n\t\t\t\t\t\t\t<\/div>\n\t\t\t\t\t\t<\/div>\n\t\t\t\t\t\t<\/div>\n\t\t\t\t<\/div>\n\t\t\t\t\t<\/div>\n\t\t<\/div>\n\t\t\t\t<div class=\"elementor-column elementor-col-50 elementor-inner-column elementor-element elementor-element-6c57a68e\" data-id=\"6c57a68e\" data-element_type=\"column\">\n\t\t\t<div class=\"elementor-widget-wrap elementor-element-populated\">\n\t\t\t\t\t\t<div class=\"elementor-element elementor-element-7b78b1b0 elementor-cta--layout-image-above elementor-bg-transform elementor-bg-transform-move-up elementor-cta--valign-middle elementor-cta--skin-classic elementor-animated-content elementor-invisible elementor-widget elementor-widget-call-to-action\" data-id=\"7b78b1b0\" data-element_type=\"widget\" data-settings=\"{&quot;_animation&quot;:&quot;fadeInUp&quot;}\" data-widget_type=\"call-to-action.default\">\n\t\t\t\t<div class=\"elementor-widget-container\">\n\t\t\t\t\t\t\t<div class=\"elementor-cta\">\n\t\t\t\t\t\t\t<div class=\"elementor-cta__content\">\n\t\t\t\t\t\t\t\t\t<div class=\"elementor-content-item elementor-cta__content-item elementor-icon-wrapper elementor-cta__icon elementor-view-default\">\n\t\t\t\t\t\t<div class=\"elementor-icon\">\n\t\t\t\t\t\t\t<i aria-hidden=\"true\" class=\"jki jki-Helmet-light\"><\/i>\t\t\t\t\t\t<\/div>\n\t\t\t\t\t<\/div>\n\t\t\t\t\n\t\t\t\t\t\t\t\t\t<h3 class=\"elementor-cta__title elementor-cta__content-item elementor-content-item\">\n\t\t\t\t\t\tSafety\t\t\t\t\t<\/h3>\n\t\t\t\t\n\t\t\t\t\t\t\t\t\t<div class=\"elementor-cta__description elementor-cta__content-item elementor-content-item\">\n\t\t\t\t\t\tWe have modern equipment and production facilities and build facilities that are always in line with current regulations. <br><br>Our expertise and experience are our customers' security. The entire process, from design to finished installation, is subject to meticulous quality control.\t\t\t\t\t<\/div>\n\t\t\t\t\n\t\t\t\t\t\t\t<\/div>\n\t\t\t\t\t\t<\/div>\n\t\t\t\t\t\t<\/div>\n\t\t\t\t<\/div>\n\t\t\t\t\t<\/div>\n\t\t<\/div>\n\t\t\t\t\t<\/div>\n\t\t<\/section>\n\t\t\t\t\t<\/div>\n\t\t<\/div>\n\t\t\t\t\t<\/div>\n\t\t<\/section>\n\t\t\t\t<section class=\"elementor-section elementor-top-section elementor-element elementor-element-0e134b2 elementor-reverse-tablet elementor-reverse-mobile elementor-section-boxed elementor-section-height-default elementor-section-height-default\" data-id=\"0e134b2\" data-element_type=\"section\" data-settings=\"{&quot;background_background&quot;:&quot;classic&quot;}\">\n\t\t\t\t\t\t\t<div class=\"elementor-background-overlay\"><\/div>\n\t\t\t\t\t\t\t<div class=\"elementor-container elementor-column-gap-no\">\n\t\t\t\t\t<div class=\"elementor-column elementor-col-50 elementor-top-column elementor-element elementor-element-eceb6b7\" data-id=\"eceb6b7\" data-element_type=\"column\" data-settings=\"{&quot;background_background&quot;:&quot;classic&quot;}\">\n\t\t\t<div class=\"elementor-widget-wrap elementor-element-populated\">\n\t\t\t\t\t<div class=\"elementor-background-overlay\"><\/div>\n\t\t\t\t\t\t<div class=\"elementor-element elementor-element-e73843a elementor-invisible elementor-widget elementor-widget-spacer\" data-id=\"e73843a\" data-element_type=\"widget\" data-settings=\"{&quot;_animation&quot;:&quot;fadeIn&quot;}\" data-widget_type=\"spacer.default\">\n\t\t\t\t<div class=\"elementor-widget-container\">\n\t\t\t\t\t\t\t<div class=\"elementor-spacer\">\n\t\t\t<div class=\"elementor-spacer-inner\"><\/div>\n\t\t<\/div>\n\t\t\t\t\t\t<\/div>\n\t\t\t\t<\/div>\n\t\t\t\t\t<\/div>\n\t\t<\/div>\n\t\t\t\t<div class=\"elementor-column elementor-col-50 elementor-top-column elementor-element elementor-element-98f0123\" data-id=\"98f0123\" data-element_type=\"column\">\n\t\t\t<div class=\"elementor-widget-wrap elementor-element-populated\">\n\t\t\t\t\t\t<div class=\"elementor-element elementor-element-b203024 elementor-widget elementor-widget-heading\" data-id=\"b203024\" data-element_type=\"widget\" data-widget_type=\"heading.default\">\n\t\t\t\t<div class=\"elementor-widget-container\">\n\t\t\t\t\t<h2 class=\"elementor-heading-title elementor-size-default\">Certifications<\/h2>\t\t\t\t<\/div>\n\t\t\t\t<\/div>\n\t\t\t\t<div class=\"elementor-element elementor-element-8af3214 elementor-widget-divider--view-line elementor-widget elementor-widget-divider\" data-id=\"8af3214\" data-element_type=\"widget\" data-widget_type=\"divider.default\">\n\t\t\t\t<div class=\"elementor-widget-container\">\n\t\t\t\t\t\t\t<div class=\"elementor-divider\">\n\t\t\t<span class=\"elementor-divider-separator\">\n\t\t\t\t\t\t<\/span>\n\t\t<\/div>\n\t\t\t\t\t\t<\/div>\n\t\t\t\t<\/div>\n\t\t\t\t<div class=\"elementor-element elementor-element-de267bc elementor-widget elementor-widget-text-editor\" data-id=\"de267bc\" data-element_type=\"widget\" data-widget_type=\"text-editor.default\">\n\t\t\t\t<div class=\"elementor-widget-container\">\n\t\t\t\t\t\t\t\t\t<p>RSM Gas Services AS is accredited as an inspection body type C in accordance with NS-EN 17020, which means that we are approved to perform independent final inspection and systematic condition monitoring of facilities that represent a potentially high risk.<\/p><p>The area for which RSM Gas Services is approved is described in the\u00a0<a href=\"https:\/\/rsm.no\/wp-content\/uploads\/2020\/10\/1866_001.pdf\" target=\"_blank\" rel=\"noopener noreferrer\">valid accreditation certificate issued by Norsk Akkreditering.<\/a><\/p><p>The requirement to use an independent inspection body for this type of plant and equipment applies to both new and used, and this is stated in\u00a0<a href=\"https:\/\/lovdata.no\/dokument\/SF\/forskrift\/2009-06-08-602\" target=\"_blank\" rel=\"noopener noreferrer\">Regulations on the handling of flammable, reactive and pressurized substances as well as equipment and facilities used in the handling.<\/a><\/p><ul><li><a href=\"https:\/\/rsm.no\/wp-content\/uploads\/2023\/09\/145098_RegCert-4.pdf\" target=\"_blank\" rel=\"noopener noreferrer\">StartBANK registration certificate.<\/a><\/li><li><a href=\"https:\/\/rsm.no\/wp-content\/uploads\/2021\/03\/116655_RegCert-2021.pdf\" target=\"_blank\" rel=\"noopener\">Achilles Nordics &amp; Central Europe Pre-Qualification System, Certificate.<\/a><\/li><\/ul>\t\t\t\t\t\t\t\t<\/div>\n\t\t\t\t<\/div>\n\t\t\t\t\t<\/div>\n\t\t<\/div>\n\t\t\t\t\t<\/div>\n\t\t<\/section>\n\t\t\t\t<\/div>","protected":false},"excerpt":{"rendered":"<p>Om RSM Gas Services Vi finner de beste l\u00f8sninger sammen RSM Gas Services AS er et privateid, norsk selskap som er lokalisert p\u00e5 Akland i Ris\u00f8r kommune. Selskapet leverer: Komplette propan gassanlegg Akkreditert ferdigkontroll og tilstandskontroll av anlegg for bruk av farlig stoff Revisjon av alle typer LPG tanker fra 450 liter til 2525m\u1d4c Service [&hellip;]<\/p>","protected":false},"author":4,"featured_media":0,"parent":0,"menu_order":0,"comment_status":"open","ping_status":"closed","template":"elementor_header_footer","meta":{"footnotes":""},"class_list":["post-15444","page","type-page","status-publish","hentry"],"yoast_head":"<!-- This site is optimized with the Yoast SEO plugin v25.0 - https:\/\/yoast.com\/wordpress\/plugins\/seo\/ -->\n<title>Om RSM Gas Services - RSM Gas Services, Akland i Ris\u00f8r<\/title>\n<meta name=\"description\" content=\"Vi er blant de ledende i markedet p\u00e5 gassanlegg og utf\u00f8rer akkrediterte kontroller, tankrevisjoner og service over hele landet.\" \/>\n<meta name=\"robots\" content=\"index, follow, max-snippet:-1, max-image-preview:large, max-video-preview:-1\" \/>\n<link rel=\"canonical\" href=\"https:\/\/rsm.no\/en_us\/om-rsm-gas-services\/\" \/>\n<meta property=\"og:locale\" content=\"en_US\" \/>\n<meta property=\"og:type\" content=\"article\" \/>\n<meta property=\"og:title\" content=\"Om RSM Gas Services - RSM Gas Services, Akland i Ris\u00f8r\" \/>\n<meta property=\"og:description\" content=\"Vi er blant de ledende i markedet p\u00e5 gassanlegg og utf\u00f8rer akkrediterte kontroller, tankrevisjoner og service over hele landet.\" \/>\n<meta property=\"og:url\" content=\"https:\/\/rsm.no\/en_us\/om-rsm-gas-services\/\" \/>\n<meta property=\"og:site_name\" content=\"RSM Gas Services\" \/>\n<meta property=\"article:modified_time\" content=\"2023-09-25T18:33:33+00:00\" \/>\n<meta name=\"twitter:card\" content=\"summary_large_image\" \/>\n<meta name=\"twitter:label1\" content=\"Est. reading time\" \/>\n\t<meta name=\"twitter:data1\" content=\"2 minutes\" \/>\n<script type=\"application\/ld+json\" class=\"yoast-schema-graph\">{\"@context\":\"https:\/\/schema.org\",\"@graph\":[{\"@type\":\"WebPage\",\"@id\":\"https:\/\/rsm.no\/om-rsm-gas-services\/\",\"url\":\"https:\/\/rsm.no\/om-rsm-gas-services\/\",\"name\":\"Om RSM Gas Services - RSM Gas Services, Akland i Ris\u00f8r\",\"isPartOf\":{\"@id\":\"https:\/\/rsm.no\/#website\"},\"datePublished\":\"2014-07-03T13:52:05+00:00\",\"dateModified\":\"2023-09-25T18:33:33+00:00\",\"description\":\"Vi er blant de ledende i markedet p\u00e5 gassanlegg og utf\u00f8rer akkrediterte kontroller, tankrevisjoner og service over hele landet.\",\"breadcrumb\":{\"@id\":\"https:\/\/rsm.no\/om-rsm-gas-services\/#breadcrumb\"},\"inLanguage\":\"en-US\",\"potentialAction\":[{\"@type\":\"ReadAction\",\"target\":[\"https:\/\/rsm.no\/om-rsm-gas-services\/\"]}]},{\"@type\":\"BreadcrumbList\",\"@id\":\"https:\/\/rsm.no\/om-rsm-gas-services\/#breadcrumb\",\"itemListElement\":[{\"@type\":\"ListItem\",\"position\":1,\"name\":\"Hjem\",\"item\":\"https:\/\/rsm.no\/\"},{\"@type\":\"ListItem\",\"position\":2,\"name\":\"Om RSM Gas Services\"}]},{\"@type\":\"WebSite\",\"@id\":\"https:\/\/rsm.no\/#website\",\"url\":\"https:\/\/rsm.no\/\",\"name\":\"RSM Gas Services\",\"description\":\"Gassanlegg, akkrediterte kontroller, tankrevisjoner og service over hele landet\",\"potentialAction\":[{\"@type\":\"SearchAction\",\"target\":{\"@type\":\"EntryPoint\",\"urlTemplate\":\"https:\/\/rsm.no\/?s={search_term_string}\"},\"query-input\":{\"@type\":\"PropertyValueSpecification\",\"valueRequired\":true,\"valueName\":\"search_term_string\"}}],\"inLanguage\":\"en-US\"}]}<\/script>\n<!-- \/ Yoast SEO plugin. -->","yoast_head_json":{"title":"Om RSM Gas Services - RSM Gas Services, Akland i Ris\u00f8r","description":"Vi er blant de ledende i markedet p\u00e5 gassanlegg og utf\u00f8rer akkrediterte kontroller, tankrevisjoner og service over hele landet.","robots":{"index":"index","follow":"follow","max-snippet":"max-snippet:-1","max-image-preview":"max-image-preview:large","max-video-preview":"max-video-preview:-1"},"canonical":"https:\/\/rsm.no\/en_us\/om-rsm-gas-services\/","og_locale":"en_US","og_type":"article","og_title":"Om RSM Gas Services - RSM Gas Services, Akland i Ris\u00f8r","og_description":"Vi er blant de ledende i markedet p\u00e5 gassanlegg og utf\u00f8rer akkrediterte kontroller, tankrevisjoner og service over hele landet.","og_url":"https:\/\/rsm.no\/en_us\/om-rsm-gas-services\/","og_site_name":"RSM Gas Services","article_modified_time":"2023-09-25T18:33:33+00:00","twitter_card":"summary_large_image","twitter_misc":{"Est. reading time":"2 minutes"},"schema":{"@context":"https:\/\/schema.org","@graph":[{"@type":"WebPage","@id":"https:\/\/rsm.no\/om-rsm-gas-services\/","url":"https:\/\/rsm.no\/om-rsm-gas-services\/","name":"Om RSM Gas Services - RSM Gas Services, Akland i Ris\u00f8r","isPartOf":{"@id":"https:\/\/rsm.no\/#website"},"datePublished":"2014-07-03T13:52:05+00:00","dateModified":"2023-09-25T18:33:33+00:00","description":"Vi er blant de ledende i markedet p\u00e5 gassanlegg og utf\u00f8rer akkrediterte kontroller, tankrevisjoner og service over hele landet.","breadcrumb":{"@id":"https:\/\/rsm.no\/om-rsm-gas-services\/#breadcrumb"},"inLanguage":"en-US","potentialAction":[{"@type":"ReadAction","target":["https:\/\/rsm.no\/om-rsm-gas-services\/"]}]},{"@type":"BreadcrumbList","@id":"https:\/\/rsm.no\/om-rsm-gas-services\/#breadcrumb","itemListElement":[{"@type":"ListItem","position":1,"name":"Hjem","item":"https:\/\/rsm.no\/"},{"@type":"ListItem","position":2,"name":"Om RSM Gas Services"}]},{"@type":"WebSite","@id":"https:\/\/rsm.no\/#website","url":"https:\/\/rsm.no\/","name":"RSM Gas Services","description":"Gassanlegg, akkrediterte kontroller, tankrevisjoner og service over hele landet","potentialAction":[{"@type":"SearchAction","target":{"@type":"EntryPoint","urlTemplate":"https:\/\/rsm.no\/?s={search_term_string}"},"query-input":{"@type":"PropertyValueSpecification","valueRequired":true,"valueName":"search_term_string"}}],"inLanguage":"en-US"}]}},"_links":{"self":[{"href":"https:\/\/rsm.no\/en_us\/wp-json\/wp\/v2\/pages\/15444","targetHints":{"allow":["GET"]}}],"collection":[{"href":"https:\/\/rsm.no\/en_us\/wp-json\/wp\/v2\/pages"}],"about":[{"href":"https:\/\/rsm.no\/en_us\/wp-json\/wp\/v2\/types\/page"}],"author":[{"embeddable":true,"href":"https:\/\/rsm.no\/en_us\/wp-json\/wp\/v2\/users\/4"}],"replies":[{"embeddable":true,"href":"https:\/\/rsm.no\/en_us\/wp-json\/wp\/v2\/comments?post=15444"}],"version-history":[{"count":15,"href":"https:\/\/rsm.no\/en_us\/wp-json\/wp\/v2\/pages\/15444\/revisions"}],"predecessor-version":[{"id":17624,"href":"https:\/\/rsm.no\/en_us\/wp-json\/wp\/v2\/pages\/15444\/revisions\/17624"}],"wp:attachment":[{"href":"https:\/\/rsm.no\/en_us\/wp-json\/wp\/v2\/media?parent=15444"}],"curies":[{"name":"wp","href":"https:\/\/api.w.org\/{rel}","templated":true}]}}